{"id":12166,"date":"2026-04-05T20:08:08","date_gmt":"2026-04-05T20:08:08","guid":{"rendered":"https:\/\/waweleg.com\/product\/wycieczka-do-luksoru-z-hurghady-2026-pelny-dzien-historii-i-przygod-%f0%9f%8c%85\/"},"modified":"2026-04-05T20:08:08","modified_gmt":"2026-04-05T20:08:08","slug":"wycieczka-do-luksoru-z-hurghady-2026-pelny-dzien-historii-i-przygod-%f0%9f%8c%85","status":"publish","type":"product","link":"https:\/\/waweleg.com\/en\/product\/wycieczka-do-luksoru-z-hurghady-2026-pelny-dzien-historii-i-przygod-%f0%9f%8c%85\/","title":{"rendered":"Wycieczka do Luksoru z Hurghady 2026 \u2013 Pe\u0142ny dzie\u0144 historii i przyg\u00f3d! \ud83c\udf05"},"content":{"rendered":"","protected":false},"excerpt":{"rendered":"","protected":false},"featured_media":0,"comment_status":"closed","ping_status":"closed","template":"","meta":[],"product_brand":[],"product_cat":[],"product_tag":[],"class_list":{"0":"post-12166","1":"product","2":"type-product","3":"status-publish","4":"has-post-thumbnail","7":"first","8":"instock","9":"sold-individually","10":"shipping-taxable","11":"purchasable","12":"product-type-variable"},"_links":{"self":[{"href":"https:\/\/waweleg.com\/en\/wp-json\/wp\/v2\/product\/12166","targetHints":{"allow":["GET"]}}],"collection":[{"href":"https:\/\/waweleg.com\/en\/wp-json\/wp\/v2\/product"}],"about":[{"href":"https:\/\/waweleg.com\/en\/wp-json\/wp\/v2\/types\/product"}],"replies":[{"embeddable":true,"href":"https:\/\/waweleg.com\/en\/wp-json\/wp\/v2\/comments?post=12166"}],"wp:attachment":[{"href":"https:\/\/waweleg.com\/en\/wp-json\/wp\/v2\/media?parent=12166"}],"wp:term":[{"taxonomy":"product_brand","embeddable":true,"href":"https:\/\/waweleg.com\/en\/wp-json\/wp\/v2\/product_brand?post=12166"},{"taxonomy":"product_cat","embeddable":true,"href":"https:\/\/waweleg.com\/en\/wp-json\/wp\/v2\/product_cat?post=12166"},{"taxonomy":"product_tag","embeddable":true,"href":"https:\/\/waweleg.com\/en\/wp-json\/wp\/v2\/product_tag?post=12166"}],"curies":[{"name":"wp","href":"https:\/\/api.w.org\/{rel}","templated":true}]}}