{"id":11713,"date":"2026-02-23T22:35:42","date_gmt":"2026-02-23T22:35:42","guid":{"rendered":"https:\/\/waweleg.com\/suhadz\/"},"modified":"2026-04-04T13:27:30","modified_gmt":"2026-04-04T13:27:30","slug":"suhadz","status":"publish","type":"page","link":"https:\/\/waweleg.com\/en\/suhadz\/","title":{"rendered":"Sohag"},"content":{"rendered":"\t\t<div data-elementor-type=\"wp-page\" data-elementor-id=\"11713\" class=\"elementor elementor-11713\">\n\t\t\t\t<div class=\"elementor-element elementor-element-12b321ef e-con-full e-flex e-con e-parent\" data-id=\"12b321ef\" data-element_type=\"container\" data-e-type=\"container\">\n\t\t\t\t<div class=\"elementor-element elementor-element-753e6c9d elementor-widget elementor-widget-st_sliders\" data-id=\"753e6c9d\" data-element_type=\"widget\" data-e-type=\"widget\" data-widget_type=\"st_sliders.default\">\n\t\t\t\t<div class=\"elementor-widget-container\">\n\t\t\t\t\t        <div class=\"st-sliders style-2\" data-effect=\"creative\" data-slides-per-view=\"\" data-pagination=\"off\" data-navigation=\"on\" data-auto-play=\"off\" data-loop=\"true\" data-delay=\"\" data-center-slider=\"on\" data-style-slider=\"style-2\" data-space-between=\"15\" >\r\n            <div class=\"swiper-container\">\r\n                <div class=\"swiper-wrapper\">\r\n                                                <div class=\"swiper-slide\">\r\n                                <img decoding=\"async\" class=\"swiper-lazy\" src=\"https:\/\/waweleg.com\/wp-content\/uploads\/2026\/02\/WhatsApp-Image-2026-02-24-at-17.46.30.webp\" alt=\"waweleg\">\r\n                            <\/div>\r\n                                                    <div class=\"swiper-slide\">\r\n                                <img decoding=\"async\" class=\"swiper-lazy\" src=\"https:\/\/waweleg.com\/wp-content\/uploads\/2026\/02\/WhatsApp-Image-2026-02-24-at-17.48.02-4.webp\" alt=\"waweleg\">\r\n                            <\/div>\r\n                                                    <div class=\"swiper-slide\">\r\n                                <img decoding=\"async\" class=\"swiper-lazy\" src=\"https:\/\/waweleg.com\/wp-content\/uploads\/2026\/02\/WhatsApp-Image-2026-02-24-at-17.48.02.webp\" alt=\"waweleg\">\r\n                            <\/div>\r\n                                        <\/div>\r\n\r\n\t\t\t\t<div class=\"st-button-prev\"><span class=\"stt-icon stt-icon-arrow-left\"><\/span><\/div><div class=\"st-button-next\"><span class=\"stt-icon stt-icon-arrow-right\"><\/span><\/div><span class=\"count-item-index\"><\/span>            <\/div>\r\n        <\/div>\r\n    \t\t\t\t<\/div>\n\t\t\t\t<\/div>\n\t\t\t\t<\/div>\n\t\t<div class=\"elementor-element elementor-element-482bbcc1 e-flex e-con-boxed e-con e-parent\" data-id=\"482bbcc1\" data-element_type=\"container\" data-e-type=\"container\">\n\t\t\t\t\t<div class=\"e-con-inner\">\n\t\t<div class=\"elementor-element elementor-element-2999655f e-con-full e-flex e-con e-child\" data-id=\"2999655f\" data-element_type=\"container\" data-e-type=\"container\">\n\t\t\t\t<div class=\"elementor-element elementor-element-3204dff3 elementor-widget elementor-widget-google_maps\" data-id=\"3204dff3\" data-element_type=\"widget\" data-e-type=\"widget\" data-widget_type=\"google_maps.default\">\n\t\t\t\t<div class=\"elementor-widget-container\">\n\t\t\t\t\t\t\t<div class=\"elementor-custom-embed\">\n\t\t\t<iframe loading=\"lazy\"\n\t\t\t\t\tsrc=\"https:\/\/maps.google.com\/maps?q=Suhad%C5%BC%20&#038;t=m&#038;z=12&#038;output=embed&#038;iwloc=near\"\n\t\t\t\t\ttitle=\"Suhad\u017c \"\n\t\t\t\t\taria-label=\"Suhad\u017c \"\n\t\t\t><\/iframe>\n\t\t<\/div>\n\t\t\t\t\t\t<\/div>\n\t\t\t\t<\/div>\n\t\t\t\t<\/div>\n\t\t<div class=\"elementor-element elementor-element-6a293475 e-con-full e-flex e-con e-child\" data-id=\"6a293475\" data-element_type=\"container\" data-e-type=\"container\">\n\t\t\t\t<div class=\"elementor-element elementor-element-a7c04e1 elementor-widget-mobile__width-inherit elementor-widget elementor-widget-heading\" data-id=\"a7c04e1\" data-element_type=\"widget\" data-e-type=\"widget\" data-widget_type=\"heading.default\">\n\t\t\t\t<div class=\"elementor-widget-container\">\n\t\t\t\t\t<h2 class=\"elementor-heading-title elementor-size-default\">Sohag<\/h2>\t\t\t\t<\/div>\n\t\t\t\t<\/div>\n\t\t\t\t<div class=\"elementor-element elementor-element-b79395c elementor-widget-mobile__width-inherit elementor-widget elementor-widget-heading\" data-id=\"b79395c\" data-element_type=\"widget\" data-e-type=\"widget\" data-widget_type=\"heading.default\">\n\t\t\t\t<div class=\"elementor-widget-container\">\n\t\t\t\t\t<h2 class=\"elementor-heading-title elementor-size-default\">A hidden treasure of archaeology. Suhaj attracts researchers and tourists with the White and Red Monasteries - pearls of Coptic architecture. This is a city where time passes more slowly and the hospitality of its inhabitants allows you to feel the true spirit of Egypt.<\/h2>\t\t\t\t<\/div>\n\t\t\t\t<\/div>\n\t\t\t\t<\/div>\n\t\t\t\t\t<\/div>\n\t\t\t\t<\/div>\n\t\t<div class=\"elementor-element elementor-element-1feb89b4 e-flex e-con-boxed e-con e-parent\" data-id=\"1feb89b4\" data-element_type=\"container\" data-e-type=\"container\">\n\t\t\t\t\t<div class=\"e-con-inner\">\n\t\t<div class=\"elementor-element elementor-element-4afee28d e-con-full e-flex e-con e-child\" data-id=\"4afee28d\" data-element_type=\"container\" data-e-type=\"container\">\n\t\t\t\t<div class=\"elementor-element elementor-element-6f2a9ba9 elementor-widget elementor-widget-heading\" data-id=\"6f2a9ba9\" data-element_type=\"widget\" data-e-type=\"widget\" data-widget_type=\"heading.default\">\n\t\t\t\t<div class=\"elementor-widget-container\">\n\t\t\t\t\t<h2 class=\"elementor-heading-title elementor-size-default\">Sohag<\/h2>\t\t\t\t<\/div>\n\t\t\t\t<\/div>\n\t\t\t\t<\/div>\n\t\t\t\t\t<\/div>\n\t\t\t\t<\/div>\n\t\t<div class=\"elementor-element elementor-element-40a67faa e-flex e-con-boxed e-con e-parent\" data-id=\"40a67faa\" data-element_type=\"container\" data-e-type=\"container\">\n\t\t\t\t\t<div class=\"e-con-inner\">\n\t\t\t\t<div class=\"elementor-element elementor-element-3f7d186 elementor-widget elementor-widget-st_list_service\" data-id=\"3f7d186\" data-element_type=\"widget\" data-e-type=\"widget\" data-settings=\"{&quot;type_form&quot;:&quot;single&quot;,&quot;order&quot;:&quot;ASC&quot;,&quot;item_row&quot;:&quot;3&quot;}\" data-widget_type=\"st_list_service.default\">\n\t\t\t\t<div class=\"elementor-widget-container\">\n\t\t\t\t\t    <div class=\"st-list-service grid style_1 style_3\"     >\r\n        <div class=\"service-list-wrapper service-tour\"><div class=\"row\"><div class=\"col-12 col-sm-12 col-md-6 col-lg-6 col-xl-4\">\r\n<div class=\"services-item item-elementor grid-2\" itemscope itemtype=\"https:\/\/schema.org\/Trip\">\r\n    <div class=\"item service-border st-border-radius\">\r\n        <div class=\"featured-image\">\r\n            <a href=\"https:\/\/waweleg.com\/en\/st_tour\/hula-hula-hurghada-snorkeling-2026\/\">\r\n            <img fetchpriority=\"high\" decoding=\"async\" width=\"450\" height=\"300\" src=\"https:\/\/waweleg.com\/wp-content\/uploads\/2026\/03\/WhatsApp-Image-2026-02-26-at-20.56.27-450x300.webp\" class=\"img-responsive wp-post-image\" alt=\"Hula Hula Hurghada 2026 \u2013 Snorkeling w g\u0142\u0119bokiej wodzie i relaks na pla\u017cy Giftun | WawelEG\" itemprop=\"image\" srcset=\"https:\/\/waweleg.com\/wp-content\/uploads\/2026\/03\/WhatsApp-Image-2026-02-26-at-20.56.27-450x300.webp 450w, https:\/\/waweleg.com\/wp-content\/uploads\/2026\/03\/WhatsApp-Image-2026-02-26-at-20.56.27-900x600.webp 900w\" sizes=\"(max-width: 450px) 100vw, 450px\" \/>            <\/a>\r\n            \r\n\t\t\t                <a href=\"#\" class=\"login\" data-bs-toggle=\"modal\" data-bs-target=\"#st-login-form\">\r\n                    <div class=\"service-add-wishlist\" title=\"Add to wishlist\">\r\n                        <i class=\"st-border-radius field-icon\"><svg xmlns=\"http:\/\/www.w3.org\/2000\/svg\" width=\"23\" height=\"22\" viewBox=\"0 0 23 22\" fill=\"none\">\r\n        <path fill-rule=\"evenodd\" clip-rule=\"evenodd\" d=\"M0.75 7.68998C0.75 4.18927 3.57229 1.34998 7.06 1.34998C8.79674 1.34998 10.3646 2.05596 11.5003 3.19469C12.6385 2.05561 14.2122 1.34998 15.94 1.34998C19.4277 1.34998 22.25 4.18927 22.25 7.68998C22.25 11.4395 20.5107 14.4001 18.4342 16.5276C16.3683 18.6443 13.9235 19.9861 12.3657 20.5186C12.0914 20.6147 11.7773 20.65 11.5 20.65C11.2227 20.65 10.9086 20.6147 10.6343 20.5186C9.07655 19.9861 6.63169 18.6443 4.56577 16.5276C2.48932 14.4001 0.75 11.4395 0.75 7.68998Z\" fill=\"#232323\" fill-opacity=\"0.3\" stroke=\"white\" stroke-width=\"1.5\" stroke-linecap=\"round\" stroke-linejoin=\"round\"\/>\r\n        <\/svg><\/i>                        <div class=\"lds-dual-ring\"><\/div>\r\n                    <\/div>\r\n                <\/a>\r\n                    <\/div>\r\n        <div class=\"content-item\">\r\n\r\n            <h3 class=\"title\" itemprop=\"name\">\r\n                <a href=\"https:\/\/waweleg.com\/en\/st_tour\/hula-hula-hurghada-snorkeling-2026\/\" class=\"c-main\">Hula Hula Hurghada 2026 \u2013 Snorkeling w g\u0142\u0119bokiej wodzie i relaks na pla\u017cy Giftun | WawelEG<\/a>\r\n            <\/h3>\r\n                            <div class=\"st-tour--description\"><p>Odkryjcie Pa\u0144stwo Hula Hula Hurghada 2026 na wyspie Giftun \u2013 jedyn\u0105 pla\u017c\u0119 z g\u0142\u0119bok\u0105, krystaliczn\u0105 wod\u0105 idealn\u0105 do p\u0142ywania. Program obejmuje 2 postoje na snorkeling, pyszny obiad i polskoj\u0119zyczn\u0105 opiek\u0119. Cena od 25 USD. Rezerwacja bez zaliczek!<\/p>\n<\/div>\r\n                         <div class=\"fixed-bottoms\">\r\n                <div class=\"st-tour--feature st-tour--tablet\">\r\n                    <div class=\"st-tour__item\">\r\n                        <div class=\"item__icon\">\r\n                            <i class=\"input-icon st-border-radius field-icon fa\"><svg xmlns=\"http:\/\/www.w3.org\/2000\/svg\" width=\"24\" height=\"24\" fill=\"none\" viewBox=\"0 0 24 24\">\r\n    <path fill=\"#ec927e\" d=\"M7.5 10.5h-1c-.552 0-1 .448-1 1s.448 1 1 1h1c.552 0 1-.448 1-1s-.448-1-1-1zM12.5 10.5h-1c-.552 0-1 .448-1 1s.448 1 1 1h1c.552 0 1-.448 1-1s-.448-1-1-1zM17.5 10.5h-1c-.552 0-1 .448-1 1s.448 1 1 1h1c.552 0 1-.448 1-1s-.448-1-1-1zM7.5 14.5h-1c-.552 0-1 .448-1 1s.448 1 1 1h1c.552 0 1-.448 1-1s-.448-1-1-1zM12.5 14.5h-1c-.552 0-1 .448-1 1s.448 1 1 1h1c.552 0 1-.448 1-1s-.448-1-1-1zM17.5 14.5h-1c-.552 0-1 .448-1 1s.448 1 1 1h1c.552 0 1-.448 1-1s-.448-1-1-1zM7.5 18.5h-1c-.552 0-1 .448-1 1s.448 1 1 1h1c.552 0 1-.448 1-1s-.448-1-1-1zM12.5 18.5h-1c-.552 0-1 .448-1 1s.448 1 1 1h1c.552 0 1-.448 1-1s-.448-1-1-1zM17.5 18.5h-1c-.552 0-1 .448-1 1s.448 1 1 1h1c.552 0 1-.448 1-1s-.448-1-1-1z\"\/>\r\n    <path fill=\"#ec927e\" fill-rule=\"evenodd\" d=\"M18.75 3h2.75c1.105 0 2 .895 2 2v17c0 1.105-.895 2-2 2h-19c-1.105 0-2-.895-2-2V5c0-1.105.895-2 2-2H4c.276 0 .5.224.5.5v2.25c0 .414.336.75.75.75S6 6.164 6 5.75V1c0-.552.448-1 1-1s1 .448 1 1v1.751c0 .138.112.249.25.249h6.25c.276 0 .5.224.5.5v2.25c0 .414.336.75.75.75s.75-.336.75-.75V1c0-.552.448-1 1-1s1 .448 1 1v1.75c0 .138.112.25.25.25zm2.75 19c.276 0 .5-.224.5-.5v-12c0-.276-.224-.5-.5-.5h-18c-.276 0-.5.224-.5.5v12c0 .276.224.5.5.5h18z\" clip-rule=\"evenodd\"\/>\r\n<\/svg>\r\n<\/i>                        <\/div>\r\n                        <div class=\"item__info\">\r\n                            <h4 class=\"info__name\">Duration<\/h4>\r\n                            <p class=\"info__value\">\r\n                                8-9 godzin                             <\/p>\r\n                        <\/div>\r\n                    <\/div>\r\n                    <div class=\"st-tour__item\">\r\n                        <div class=\"item__icon\">\r\n                            <i class=\"input-icon st-border-radius field-icon fa\"><svg xmlns=\"http:\/\/www.w3.org\/2000\/svg\" width=\"24\" height=\"24\" fill=\"none\" viewBox=\"0 0 24 24\">\r\n    <path fill=\"#ec927e\" d=\"M20 23.25c0 .276.224.5.5.5h2.82c.167 0 .323-.083.415-.22.093-.139.111-.314.049-.468-.604-1.51-1.985-2.57-3.6-2.765-.169-.02-.336.046-.445.177-.108.13-.143.307-.092.469.234.747.353 1.525.353 2.307zM4.867 20.9c.049-.152.022-.318-.072-.447-.094-.13-.243-.206-.403-.206H4.38c-1.833 0-3.48 1.116-4.164 2.816-.062.154-.044.33.05.467.092.137.248.22.414.22H4c.276 0 .5-.224.5-.5 0-.798.123-1.59.367-2.35zM7.05 6.043c-.26.251-.364.623-.273.972.092.35.365.623.714.715.35.091.722-.013.973-.273.938-.938 2.21-1.465 3.536-1.465s2.598.527 3.536 1.465c.392.379 1.016.373 1.402-.012.386-.386.39-1.01.012-1.402-1.313-1.313-3.093-2.05-4.95-2.05-1.857 0-3.637.737-4.95 2.05z\"\/>\r\n    <path fill=\"#ec927e\" d=\"M6.343 4.593C7.843 3.093 9.878 2.25 12 2.25s4.157.843 5.657 2.343c.251.26.623.364.972.273.35-.092.623-.365.715-.715.091-.35-.013-.72-.273-.972-3.905-3.905-10.237-3.905-14.142 0-.38.392-.374 1.016.012 1.402.386.386 1.01.391 1.402.012z\"\/>\r\n    <path fill=\"#ec927e\" fill-rule=\"evenodd\" d=\"M9.949 17.288c.006-.093-.04-.181-.119-.23v.003c-1.836-1.084-2.72-3.263-2.16-5.32.561-2.057 2.429-3.486 4.561-3.488 2.132-.003 4.003 1.42 4.57 3.477.565 2.056-.314 4.236-2.147 5.325-.08.049-.127.138-.12.232.006.093.064.176.15.213 2.31.978 3.812 3.242 3.816 5.75 0 .276-.224.5-.5.5H6.5c-.276 0-.5-.224-.5-.5.002-2.505 1.497-4.767 3.8-5.75.085-.038.142-.12.149-.212zm-.386-4.863c-.042.184-.063.373-.063.562-.001 1.412 1.072 2.594 2.478 2.727 1.406.133 2.683-.827 2.946-2.214.027-.158-.024-.32-.136-.434-.112-.114-.273-.168-.431-.144-.29.043-.582.065-.874.065-1.119 0-2.216-.304-3.175-.881-.138-.083-.306-.094-.454-.03-.148.062-.256.192-.291.349z\" clip-rule=\"evenodd\"\/>\r\n    <path fill=\"#ec927e\" d=\"M19.62 19.25c1.177.007 2.23-.73 2.624-1.84.394-1.108.044-2.345-.873-3.083s-2.2-.814-3.199-.191c-.998.623-1.494 1.81-1.234 2.957.289 1.252 1.397 2.143 2.682 2.157zM4.38 19.25c1.519 0 2.75-1.231 2.75-2.75s-1.231-2.75-2.75-2.75-2.75 1.231-2.75 2.75 1.231 2.75 2.75 2.75z\"\/>\r\n<\/svg>\r\n<\/i>                        <\/div>\r\n                        <div class=\"item__info\">\r\n                            <h4 class=\"info__name\">Group Size<\/h4>\r\n                            <p class=\"info__value\">\r\n                                25 people                            <\/p>\r\n                        <\/div>\r\n                    <\/div>\r\n                <\/div>\r\n            <\/div>\r\n            <div class=\"section-footer\">\r\n                <div class=\"st-flex space-between st-price__wrapper\">\r\n\r\n                    <div class=\"right\">\r\n\r\n                        <span class=\" price--tour\">\r\n                            <span class=\"text-lg lh1em item \"> $25,00<\/span>                        <\/span>\r\n                    <\/div>\r\n                    <div class=\"st-btn--book\">\r\n                        <a href=\"https:\/\/waweleg.com\/en\/st_tour\/hula-hula-hurghada-snorkeling-2026\/\">View Details<\/a>\r\n                    <\/div>\r\n                <\/div>\r\n            <\/div>\r\n\r\n\r\n        <\/div>\r\n    <\/div>\r\n<\/div><\/div><\/div><\/div>    <\/div>\r\n\t\t\t\t<\/div>\n\t\t\t\t<\/div>\n\t\t\t\t\t<\/div>\n\t\t\t\t<\/div>\n\t\t\t\t<section class=\"elementor-section elementor-top-section elementor-element elementor-element-44c0e57c elementor-section-boxed elementor-section-height-default elementor-section-height-default\" data-id=\"44c0e57c\" data-element_type=\"section\" data-e-type=\"section\" data-settings=\"{&quot;background_background&quot;:&quot;classic&quot;}\">\n\t\t\t\t\t\t<div class=\"elementor-container elementor-column-gap-default\">\n\t\t\t\t\t<div class=\"elementor-column elementor-col-100 elementor-top-column elementor-element elementor-element-1f73b886\" data-id=\"1f73b886\" data-element_type=\"column\" data-e-type=\"column\">\n\t\t\t<div class=\"elementor-widget-wrap elementor-element-populated\">\n\t\t\t\t\t\t<div class=\"elementor-element elementor-element-44b4b60f elementor-widget elementor-widget-heading\" data-id=\"44b4b60f\" data-element_type=\"widget\" data-e-type=\"widget\" data-widget_type=\"heading.default\">\n\t\t\t\t<div class=\"elementor-widget-container\">\n\t\t\t\t\t<h2 class=\"elementor-heading-title elementor-size-default\">Stories, tips and guides<\/h2>\t\t\t\t<\/div>\n\t\t\t\t<\/div>\n\t\t\t\t<div class=\"elementor-element elementor-element-13cf4598 elementor-widget elementor-widget-st_blog_list\" data-id=\"13cf4598\" data-element_type=\"widget\" data-e-type=\"widget\" data-settings=\"{&quot;item_row&quot;:&quot;4&quot;,&quot;order&quot;:&quot;ASC&quot;}\" data-widget_type=\"st_blog_list.default\">\n\t\t\t\t<div class=\"elementor-widget-container\">\n\t\t\t\t\t<div class=\"st-list-service st-sliders slider style_2\" data-slides-per-view=\"4\" data-pagination=\"on\" data-navigation=\"off\" data-auto-play=\"off\" data-loop=\"\" data-delay=\"\" >\r\n            <div class=\"service-list-wrapper st-blog-list-el swiper-container\">\r\n            <div class=\"swiper-wrapper\">\r\n                <div class=\"swiper-slide\"><div class=\"services-item grid item-elementor\" itemscope>\r\n\t<div class=\"item service-border st-border-radius\">\r\n\t\t<div class=\"featured-image\">\r\n\t\t\t<a href=\"https:\/\/waweleg.com\/en\/czy-rezerwacja-wycieczek-online-jest-bezpieczna-kompleksowy-przewodnik-po-hurghadzie-i-morzu-czerwonym-2026\/\">\r\n\t\t\t\t<img decoding=\"async\" width=\"450\" height=\"300\" src=\"https:\/\/waweleg.com\/wp-content\/uploads\/2026\/03\/WhatsApp-Image-2026-03-10-at-12.48.03-450x300.webp\" class=\"img-fluid st-hover-grow wp-post-image\" alt=\"Is it safe to book trips online? Hurghada and Red Sea Guide 2026\" itemprop=\"photo\" srcset=\"https:\/\/waweleg.com\/wp-content\/uploads\/2026\/03\/WhatsApp-Image-2026-03-10-at-12.48.03-450x300.webp 450w, https:\/\/waweleg.com\/wp-content\/uploads\/2026\/03\/elementor\/thumbs\/WhatsApp-Image-2026-03-10-at-12.48.03-600x400.webp 600w\" sizes=\"(max-width: 450px) 100vw, 450px\" \/>\t\t\t<\/a>\r\n\t\t<\/div>\r\n\t\t<div class=\"content-item\">\r\n\t\t\t\t\t\t\t\t\t<div class=\"cate category-color\">\r\n\t\t\t\t\t\t<ul>\r\n\t\t\t\t\t\t\t<li ><a href=\"https:\/\/waweleg.com\/en\/category\/uncategorized\/\" style=\"color:rgba(0,0,0,1)\"><span style=\"color:rgba(0,0,0,1)\"><\/span>Uncategorized<\/a><\/li>\t\t\t\t\t\t<\/ul>\r\n\t\t\t\t\t<\/div>\r\n\t\t\t\t\t\t\t\t<h3 class=\"title\" itemprop=\"name\">\r\n\t\t\t\t<a href=\"https:\/\/waweleg.com\/en\/czy-rezerwacja-wycieczek-online-jest-bezpieczna-kompleksowy-przewodnik-po-hurghadzie-i-morzu-czerwonym-2026\/\"\r\n\t\t\t\t\tclass=\"c-main\">Is it safe to book trips online? Hurghada and Red Sea Guide 2026<\/a>\r\n\t\t\t<\/h3>\r\n\r\n\t\t\t<div class=\"excerpt-wrapper d-flex align-items-end justify-content-between\">\r\n\t\t\t\tSafe Online Bookings Hurghada 2026: Stress-Free Payment on Site! In the digital era, while planning a vacation in Hurghada \u2013 the pearl of the Red Sea \u2013 the key question is: Is booking tours online safe? In 2026, hundreds of offers tempt with low prices, but the key to a successful holiday is knowing how [&hellip;]\t\t\t<\/div>\r\n\t\t<\/div>\r\n\t<\/div>\r\n<\/div>\r\n\r\n<\/div><div class=\"swiper-slide\"><div class=\"services-item grid item-elementor\" itemscope>\r\n\t<div class=\"item service-border st-border-radius\">\r\n\t\t<div class=\"featured-image\">\r\n\t\t\t<a href=\"https:\/\/waweleg.com\/en\/hurghada-2026-azyl-dla-duszy-i-przewodnik-po-luksusowym-wypoczynku-z-dala-od-zgielku\/\">\r\n\t\t\t\t<img decoding=\"async\" width=\"450\" height=\"300\" src=\"https:\/\/waweleg.com\/wp-content\/uploads\/2026\/03\/WhatsApp-Image-2026-03-11-at-18.41.50-450x300.webp\" class=\"img-fluid st-hover-grow wp-post-image\" alt=\"Hurghada 2026: Asylum for the Soul and a Guide to a Luxury Getaway Away from the Hustle and Bustle\" itemprop=\"photo\" srcset=\"https:\/\/waweleg.com\/wp-content\/uploads\/2026\/03\/WhatsApp-Image-2026-03-11-at-18.41.50-450x300.webp 450w, https:\/\/waweleg.com\/wp-content\/uploads\/2026\/03\/WhatsApp-Image-2026-03-11-at-18.41.50-600x400.webp 600w\" sizes=\"(max-width: 450px) 100vw, 450px\" \/>\t\t\t<\/a>\r\n\t\t<\/div>\r\n\t\t<div class=\"content-item\">\r\n\t\t\t\t\t\t\t\t\t<div class=\"cate category-color\">\r\n\t\t\t\t\t\t<ul>\r\n\t\t\t\t\t\t\t<li ><a href=\"https:\/\/waweleg.com\/en\/category\/uncategorized\/\" style=\"color:rgba(0,0,0,1)\"><span style=\"color:rgba(0,0,0,1)\"><\/span>Uncategorized<\/a><\/li>\t\t\t\t\t\t<\/ul>\r\n\t\t\t\t\t<\/div>\r\n\t\t\t\t\t\t\t\t<h3 class=\"title\" itemprop=\"name\">\r\n\t\t\t\t<a href=\"https:\/\/waweleg.com\/en\/hurghada-2026-azyl-dla-duszy-i-przewodnik-po-luksusowym-wypoczynku-z-dala-od-zgielku\/\"\r\n\t\t\t\t\tclass=\"c-main\">Hurghada 2026: Asylum for the Soul and a Guide to a Luxury Getaway Away from the Hustle and Bustle<\/a>\r\n\t\t\t<\/h3>\r\n\r\n\t\t\t<div class=\"excerpt-wrapper d-flex align-items-end justify-content-between\">\r\n\t\t\t\tWhen in Poland the streets of Warsaw, Krakow or Gdansk are covered with snow and the sky is shrouded in grey, in Hurghada the sun paints a picture of warmth and peace. For the modern Polish traveler, looking for an intelligent escape from the daily rush, leaving is no longer just a change of place, [&hellip;]\t\t\t<\/div>\r\n\t\t<\/div>\r\n\t<\/div>\r\n<\/div>\r\n\r\n<\/div><div class=\"swiper-slide\"><div class=\"services-item grid item-elementor\" itemscope>\r\n\t<div class=\"item service-border st-border-radius\">\r\n\t\t<div class=\"featured-image\">\r\n\t\t\t<a href=\"https:\/\/waweleg.com\/en\/eksploracja-hurghady-2026-filozofia-przygody-i-przelamywanie-rutyny-dla-odwaznych\/\">\r\n\t\t\t\t<img loading=\"lazy\" decoding=\"async\" width=\"450\" height=\"300\" src=\"https:\/\/waweleg.com\/wp-content\/uploads\/2026\/03\/WhatsApp-Image-2026-03-11-at-19.47.09-450x300.webp\" class=\"img-fluid st-hover-grow wp-post-image\" alt=\"Exploring Hurghada 2026: Adventure Philosophy and Breaking Routine for the Brave\" itemprop=\"photo\" \/>\t\t\t<\/a>\r\n\t\t<\/div>\r\n\t\t<div class=\"content-item\">\r\n\t\t\t\t\t\t\t\t\t<div class=\"cate category-color\">\r\n\t\t\t\t\t\t<ul>\r\n\t\t\t\t\t\t\t<li ><a href=\"https:\/\/waweleg.com\/en\/category\/uncategorized\/\" style=\"color:rgba(0,0,0,1)\"><span style=\"color:rgba(0,0,0,1)\"><\/span>Uncategorized<\/a><\/li>\t\t\t\t\t\t<\/ul>\r\n\t\t\t\t\t<\/div>\r\n\t\t\t\t\t\t\t\t<h3 class=\"title\" itemprop=\"name\">\r\n\t\t\t\t<a href=\"https:\/\/waweleg.com\/en\/eksploracja-hurghady-2026-filozofia-przygody-i-przelamywanie-rutyny-dla-odwaznych\/\"\r\n\t\t\t\t\tclass=\"c-main\">Exploring Hurghada 2026: Adventure Philosophy and Breaking Routine for the Brave<\/a>\r\n\t\t\t<\/h3>\r\n\r\n\t\t\t<div class=\"excerpt-wrapper d-flex align-items-end justify-content-between\">\r\n\t\t\t\tThere is a type of traveler who is not satisfied with the view of the sea from a hotel window. This is someone who feels the call of adventure in his veins. For a Polish tourist in 2026, Hurghada is not just a postcard, but a testing ground for courage. We leave the asphalt roads [&hellip;]\t\t\t<\/div>\r\n\t\t<\/div>\r\n\t<\/div>\r\n<\/div>\r\n\r\n<\/div>            <\/div>\r\n                            <div class=\"swiper-pagination\"><\/div>\r\n            \t\t\t        <\/div>\r\n    <\/div>\r\n\t\t\t\t<\/div>\n\t\t\t\t<\/div>\n\t\t\t\t\t<\/div>\n\t\t<\/div>\n\t\t\t\t\t<\/div>\n\t\t<\/section>\n\t\t\t\t<\/div>\n\t\t","protected":false},"excerpt":{"rendered":"<p>Sohag A hidden treasure of archaeology. Suhaj attracts researchers and tourists with the White and Red Monasteries &#8211; pearls of Coptic architecture. This is a city where time passes more slowly and the hospitality of its inhabitants allows you to feel the true spirit of Egypt. Sohag Hula Hula Hurghada 2026 \u2013 Snorkeling w g\u0142\u0119bokiej [&hellip;]<\/p>\n","protected":false},"author":1,"featured_media":0,"parent":0,"menu_order":0,"comment_status":"closed","ping_status":"closed","template":"elementor_header_footer","meta":{"footnotes":""},"class_list":["post-11713","page","type-page","status-publish","has-post-thumbnail","hentry"],"_links":{"self":[{"href":"https:\/\/waweleg.com\/en\/wp-json\/wp\/v2\/pages\/11713","targetHints":{"allow":["GET"]}}],"collection":[{"href":"https:\/\/waweleg.com\/en\/wp-json\/wp\/v2\/pages"}],"about":[{"href":"https:\/\/waweleg.com\/en\/wp-json\/wp\/v2\/types\/page"}],"author":[{"embeddable":true,"href":"https:\/\/waweleg.com\/en\/wp-json\/wp\/v2\/users\/1"}],"replies":[{"embeddable":true,"href":"https:\/\/waweleg.com\/en\/wp-json\/wp\/v2\/comments?post=11713"}],"version-history":[{"count":4,"href":"https:\/\/waweleg.com\/en\/wp-json\/wp\/v2\/pages\/11713\/revisions"}],"predecessor-version":[{"id":11739,"href":"https:\/\/waweleg.com\/en\/wp-json\/wp\/v2\/pages\/11713\/revisions\/11739"}],"wp:attachment":[{"href":"https:\/\/waweleg.com\/en\/wp-json\/wp\/v2\/media?parent=11713"}],"curies":[{"name":"wp","href":"https:\/\/api.w.org\/{rel}","templated":true}]}}