{"id":11186,"date":"2026-03-25T17:43:37","date_gmt":"2026-03-25T17:43:37","guid":{"rendered":"https:\/\/waweleg.com\/koszyk\/"},"modified":"2026-03-31T18:34:44","modified_gmt":"2026-03-31T18:34:44","slug":"koszyk","status":"publish","type":"page","link":"https:\/\/waweleg.com\/en\/koszyk\/","title":{"rendered":"Koszyk"},"content":{"rendered":"\n<div data-block-name=\"woocommerce\/cart\" class=\"wp-block-woocommerce-cart alignwide is-loading\">\n<div data-block-name=\"woocommerce\/filled-cart-block\" class=\"wp-block-woocommerce-filled-cart-block\">\n<div data-block-name=\"woocommerce\/cart-items-block\" class=\"wp-block-woocommerce-cart-items-block\">\n<div data-block-name=\"woocommerce\/cart-line-items-block\" class=\"wp-block-woocommerce-cart-line-items-block\"><\/div>\n\n\n<\/div>\n\n\n\n\n<div data-block-name=\"woocommerce\/cart-totals-block\" class=\"wp-block-woocommerce-cart-totals-block\">\n<div data-block-name=\"woocommerce\/cart-order-summary-block\" class=\"wp-block-woocommerce-cart-order-summary-block\">\n<div data-block-name=\"woocommerce\/cart-order-summary-heading-block\" class=\"wp-block-woocommerce-cart-order-summary-heading-block\"><\/div><div data-block-name=\"woocommerce\/cart-order-summary-coupon-form-block\" class=\"wp-block-woocommerce-cart-order-summary-coupon-form-block\"><\/div><div data-block-name=\"woocommerce\/cart-order-summary-totals-block\" class=\"wp-block-woocommerce-cart-order-summary-totals-block\">\n<div data-block-name=\"woocommerce\/cart-order-summary-subtotal-block\" class=\"wp-block-woocommerce-cart-order-summary-subtotal-block\"><\/div>\n<div data-block-name=\"woocommerce\/cart-order-summary-discount-block\" class=\"wp-block-woocommerce-cart-order-summary-discount-block\"><\/div>\n<div data-block-name=\"woocommerce\/cart-order-summary-fee-block\" class=\"wp-block-woocommerce-cart-order-summary-fee-block\"><\/div>\n<div data-block-name=\"woocommerce\/cart-order-summary-shipping-block\" class=\"wp-block-woocommerce-cart-order-summary-shipping-block\"><\/div>\n<div data-block-name=\"woocommerce\/cart-order-summary-taxes-block\" class=\"wp-block-woocommerce-cart-order-summary-taxes-block\"><\/div><\/div>\n<\/div>\n\n\n\n<div data-block-name=\"woocommerce\/cart-express-payment-block\" class=\"wp-block-woocommerce-cart-express-payment-block\"><\/div>\n\n\n\n<div data-block-name=\"woocommerce\/proceed-to-checkout-block\" class=\"wp-block-woocommerce-proceed-to-checkout-block\"><\/div>\n\n\n\n<div data-block-name=\"woocommerce\/cart-accepted-payment-methods-block\" class=\"wp-block-woocommerce-cart-accepted-payment-methods-block\"><\/div>\n<\/div>\n<\/div>\n\n\n\n<div data-block-name=\"woocommerce\/empty-cart-block\" class=\"wp-block-woocommerce-empty-cart-block\">\n<h2 class=\"wp-block-heading has-text-align-center with-empty-cart-icon wc-block-cart__empty-cart__title\">Tw\u00f3j koszyk jest obecnie pusty!<\/h2>\n\n\n\n<hr class=\"wp-block-separator has-alpha-channel-opacity is-style-dots\"\/>\n\n\n\n<h2 class=\"wp-block-heading has-text-align-center\">Nowe w sklepie<\/h2>\n\n\n<div data-block-name=\"woocommerce\/product-new\" data-columns=\"4\" data-rows=\"1\" class=\"wc-block-grid wp-block-product-new wp-block-woocommerce-product-new wc-block-product-new has-4-columns\"><ul class=\"wc-block-grid__products\"><li class=\"wc-block-grid__product\">\n\t\t\t\t<a href=\"https:\/\/waweleg.com\/en\/product\/wycieczka-do-luksoru-z-hurghady-2026-pelny-dzien-historii-i-przygod-%f0%9f%8c%85\/\" class=\"wc-block-grid__product-link\">\n\t\t\t\t\t\n\t\t\t\t\t<div class=\"wc-block-grid__product-image\"><img fetchpriority=\"high\" decoding=\"async\" src=\"https:\/\/placehold.co\/600x400\" width=\"300\" height=\"300\" class=\"woocommerce-placeholder wp-post-image\" alt=\"\"\/><\/div>\n\t\t\t\t\t<div class=\"wc-block-grid__product-title\">Wycieczka do Luksoru z Hurghady 2026 \u2013 Pe\u0142ny dzie\u0144 historii i przyg\u00f3d! \ud83c\udf05<\/div>\n\t\t\t\t<\/a>\n\t\t\t\t<div class=\"wc-block-grid__product-price price\"><span class=\"woocs_price_code\" data-currency=\"\" data-redraw-id=\"6a053fe269e73\" data-product-id=\"12166\"><span class=\"woocommerce-Price-amount amount\">70.00<span class=\"woocommerce-Price-currencySymbol\">&#036;<\/span><\/span><\/span><\/div>\n\t\t\t\t\n\t\t\t\t<div class=\"wp-block-button wc-block-grid__product-add-to-cart\"><a href=\"https:\/\/waweleg.com\/en\/product\/wycieczka-do-luksoru-z-hurghady-2026-pelny-dzien-historii-i-przygod-%f0%9f%8c%85\/\" aria-label=\"Select options for &ldquo;Wycieczka do Luksoru z Hurghady 2026 \u2013 Pe\u0142ny dzie\u0144 historii i przyg\u00f3d! \ud83c\udf05&rdquo;\" data-quantity=\"1\" data-product_id=\"12166\" data-product_sku=\"\" data-price=\"70\" rel=\"nofollow\" class=\"wp-block-button__link  add_to_cart_button\">Select options<\/a><\/div>\n\t\t\t<\/li><li class=\"wc-block-grid__product\">\n\t\t\t\t<a href=\"https:\/\/waweleg.com\/en\/product\/hula-hula-hurghada-2026-snorkeling-w-glebokiej-wodzie-i-relaks-na-plazy-giftun-waweleg\/\" class=\"wc-block-grid__product-link\">\n\t\t\t\t\t\n\t\t\t\t\t<div class=\"wc-block-grid__product-image\"><img fetchpriority=\"high\" decoding=\"async\" src=\"https:\/\/placehold.co\/600x400\" width=\"300\" height=\"300\" class=\"woocommerce-placeholder wp-post-image\" alt=\"\"\/><\/div>\n\t\t\t\t\t<div class=\"wc-block-grid__product-title\">Hula Hula Hurghada 2026 \u2013 Snorkeling w g\u0142\u0119bokiej wodzie i relaks na pla\u017cy Giftun | WawelEG<\/div>\n\t\t\t\t<\/a>\n\t\t\t\t<div class=\"wc-block-grid__product-price price\"><span class=\"woocs_price_code\" data-currency=\"\" data-redraw-id=\"6a053fe26a2dd\" data-product-id=\"11605\"><span class=\"woocommerce-Price-amount amount\">25.00<span class=\"woocommerce-Price-currencySymbol\">&#036;<\/span><\/span><\/span><\/div>\n\t\t\t\t\n\t\t\t\t<div class=\"wp-block-button wc-block-grid__product-add-to-cart\"><a href=\"https:\/\/waweleg.com\/en\/product\/hula-hula-hurghada-2026-snorkeling-w-glebokiej-wodzie-i-relaks-na-plazy-giftun-waweleg\/\" aria-label=\"Select options for &ldquo;Hula Hula Hurghada 2026 \u2013 Snorkeling w g\u0142\u0119bokiej wodzie i relaks na pla\u017cy Giftun | WawelEG&rdquo;\" data-quantity=\"1\" data-product_id=\"11605\" data-product_sku=\"\" data-price=\"25\" rel=\"nofollow\" class=\"wp-block-button__link  add_to_cart_button\">Select options<\/a><\/div>\n\t\t\t<\/li><\/ul><\/div><\/div>\n<\/div>\n","protected":false},"excerpt":{"rendered":"","protected":false},"author":1,"featured_media":0,"parent":0,"menu_order":0,"comment_status":"closed","ping_status":"closed","template":"","meta":{"footnotes":""},"class_list":["post-11186","page","type-page","status-publish","has-post-thumbnail","hentry"],"_links":{"self":[{"href":"https:\/\/waweleg.com\/en\/wp-json\/wp\/v2\/pages\/11186","targetHints":{"allow":["GET"]}}],"collection":[{"href":"https:\/\/waweleg.com\/en\/wp-json\/wp\/v2\/pages"}],"about":[{"href":"https:\/\/waweleg.com\/en\/wp-json\/wp\/v2\/types\/page"}],"author":[{"embeddable":true,"href":"https:\/\/waweleg.com\/en\/wp-json\/wp\/v2\/users\/1"}],"replies":[{"embeddable":true,"href":"https:\/\/waweleg.com\/en\/wp-json\/wp\/v2\/comments?post=11186"}],"version-history":[{"count":1,"href":"https:\/\/waweleg.com\/en\/wp-json\/wp\/v2\/pages\/11186\/revisions"}],"predecessor-version":[{"id":11189,"href":"https:\/\/waweleg.com\/en\/wp-json\/wp\/v2\/pages\/11186\/revisions\/11189"}],"wp:attachment":[{"href":"https:\/\/waweleg.com\/en\/wp-json\/wp\/v2\/media?parent=11186"}],"curies":[{"name":"wp","href":"https:\/\/api.w.org\/{rel}","templated":true}]}}